{"id":18,"date":"2022-02-18T16:32:48","date_gmt":"2022-02-18T16:32:48","guid":{"rendered":"https:\/\/www.danielespiao.com.br\/blog\/?page_id=18"},"modified":"2022-02-23T14:20:23","modified_gmt":"2022-02-23T17:20:23","slug":"mais-pesquisadas","status":"publish","type":"page","link":"https:\/\/www.danielespiao.com.br\/blog\/mais-pesquisadas\/","title":{"rendered":"Mais Pesquisadas"},"content":{"rendered":"<p>As Palavras Chaves Mais Pesquisadas e um conjunto de palavras que normalmente s\u00e3o pesquisadas atrav\u00e9s dos mais diversos buscadores digitais como Bing, Yahoo ou Google, por exemplo.<\/p>\n<p>Voc\u00ea pode usar palavras espec\u00edficas para obter a informa\u00e7\u00e3o exata que est\u00e1 precisando.<\/p>\n<p>Todos n\u00f3s fazemos uso desse recurso cotidianamente nos sites de busca na internet.<\/p>\n<p><a href=\"https:\/\/www.danielespiao.com.br\/baixar-gratis.php\" target=\"_blank\" rel=\"noopener\">Aplicativo Espi\u00e3o Teste Gr\u00e1tis &#8211; Sem Compromisso de Compra<\/a><br \/>\nQuando queremos descobrir como rastrear um celular por exemplo, vamos ao buscador e digitamos \u201ccomo rastrear um celular\u201d e encontramos diversos artigos explicando passo a passo o que deve ser feito.<\/p>\n<p><a href=\"https:\/\/www.danielespiao.com.br\/como-instalar.php\"><img loading=\"lazy\" decoding=\"async\" class=\"alignleft size-full wp-image-54\" src=\"https:\/\/www.danielespiao.com.br\/blog\/wp-content\/uploads\/2022\/02\/aplicativo-espiao-de-marido-1.jpg\" alt=\"Aplicativo Espiao de Marido\" width=\"329\" height=\"248\" title=\"\" srcset=\"https:\/\/www.danielespiao.com.br\/blog\/wp-content\/uploads\/2022\/02\/aplicativo-espiao-de-marido-1.jpg 329w, https:\/\/www.danielespiao.com.br\/blog\/wp-content\/uploads\/2022\/02\/aplicativo-espiao-de-marido-1-300x226.jpg 300w\" sizes=\"(max-width: 329px) 100vw, 329px\" \/><\/a>Acontece que tem certas combina\u00e7\u00f5es de palavras que s\u00e3o Mais Pesquisadas que outras.<\/p>\n<p>Ao inv\u00e9s do exemplo anterior, voc\u00ea poderia buscar a mesma informa\u00e7\u00e3o atrav\u00e9s de palavras diferentes, como por exemplo \u201cComo monitorar um celular\u201d.<\/p>\n<p>A forma como voc\u00ea busca a solu\u00e7\u00e3o para seu problema influencia diretamente no resultado da pesquisa e no tipo e qualidade do conte\u00fado que ir\u00e1 encontrar nas mais pesquisadas.<\/p>\n<p>Isso \u00e9 muito importante, pois uma vez que se produz um excelente material, \u00e9 importante que se saiba exatamente como levar isso para as pessoas.<\/p>\n<h2>Mais Pesquisadas<\/h2>\n<p>Sabendo as coisas mais pesquisadas no google, d\u00e1 para se ter uma no\u00e7\u00e3o de como apresentar um texto na internet, utilizando o que se chama de Palavras Chave.<\/p>\n<p>Elas s\u00e3o extremamente \u00fateis porque norteiam a navega\u00e7\u00e3o do usu\u00e1rio na internet e podem servir como guias dentro de um site.<\/p>\n<h3>Mais Pesquisadas<\/h3>\n<p>Tamb\u00e9m facilitam a indexa\u00e7\u00e3o de p\u00e1ginas web por buscadores digitais, como os j\u00e1 mencionados.<\/p>\n<p>Fazer uso correto desse recurso representa um diferencial frente a concorrentes que n\u00e3o usam a mesma estrat\u00e9gia.<\/p>\n<p>Essas palavras espec\u00edficas tamb\u00e9m tem a capacidade de ajudar os usu\u00e1rios a encontrarem o site na internet.<\/p>\n<h4>Mais Pesquisadas<\/h4>\n<p>\u00c9 uma t\u00e9cnica que beneficia a todos, pois ajuda a levar solu\u00e7\u00f5es para as pessoas que precisam resolver problemas.<\/p>\n<p>\u00c9 poss\u00edvel e bem prov\u00e1vel que voc\u00ea tenha encontrado o nosso site atrav\u00e9s de alguma das palavras chaves mais pesquisadas no google.<\/p>\n<p>Isso porque trabalhamos positivamente para levar \u00e0s pessoas nossa solu\u00e7\u00e3o de software profissional.<\/p>\n<p>E nesse processo utilizamos palavras chave relacionadas com nosso servi\u00e7o. Uma das formas de descobrir as combina\u00e7\u00f5es corretas, \u00e9 utilizar um buscador de palavras chave.<\/p>\n<p>Que \u00e9 um sistema capaz de identificar quais s\u00e3o as buscas mais recorrentes na internet.<\/p>\n<p>Encontre mais informa\u00e7\u00f5es sobre aplicativo espi\u00e3o Android <a href=\"https:\/\/pt.wikipedia.org\/wiki\/Espionagem\" target=\"_blank\" rel=\"dofollow noopener\">Wikip\u00e9dia<\/a><\/p>\n<p>Ele \u00e9 capaz de filtrar os resultados e informar a quantidade de buscas realizadas e em qual per\u00edodo houveram mais buscas.<\/p>\n<h4>Como Monitorar Whatsapp de Outra Pessoa<br \/>\n<img loading=\"lazy\" decoding=\"async\" class=\"aligncenter size-full wp-image-57\" src=\"https:\/\/www.danielespiao.com.br\/blog\/wp-content\/uploads\/2022\/02\/como-monitorar-whatsapp-de-outra-pessoa.jpg\" alt=\"Como Monitorar Whatsapp de Outra Pessoa\" width=\"800\" height=\"450\" title=\"\" srcset=\"https:\/\/www.danielespiao.com.br\/blog\/wp-content\/uploads\/2022\/02\/como-monitorar-whatsapp-de-outra-pessoa.jpg 800w, https:\/\/www.danielespiao.com.br\/blog\/wp-content\/uploads\/2022\/02\/como-monitorar-whatsapp-de-outra-pessoa-300x169.jpg 300w, https:\/\/www.danielespiao.com.br\/blog\/wp-content\/uploads\/2022\/02\/como-monitorar-whatsapp-de-outra-pessoa-768x432.jpg 768w\" sizes=\"(max-width: 800px) 100vw, 800px\" \/><\/h4>\n<p>Com esses dados e com algoritmos de an\u00e1lise sem\u00e2ntica e de caracteres, ele \u00e9 capaz de sugerir combina\u00e7\u00f5es semelhantes que podem ser mais \u00fateis e mais eficazes.<\/p>\n<p>De acordo com as pesquisas dos usu\u00e1rios nos buscadores online. Esse recurso \u00e9 muito importante para a indexa\u00e7\u00e3o de conte\u00fado na web.<\/p>\n<p>como usar um programa espiao, como rastrear um numero de telefone, como acessar a conta do whatsapp de outra pessoa, como instalar espi\u00e3o whatsapp.<\/p>\n<p>como rastrear minha namorada pelo celular android, como rastrear liga\u00e7\u00f5es feitas e recebidas por um celular gratis, como rastrear facebook do namorado.<\/p>\n<p>como saber se tem algum programa espiao no meu celular, mais pesquisadas, como baixar programa espiao no celular, como rastrear as mensagens de um celular, como rastrear liga\u00e7\u00f5es de um celular.<\/p>\n<p>como entrar no whatsapp de outra pessoa pelo seu celular, como baixar programa espiao para celular, como rastrear pelo numero do telefone, como rastrear um celular pelo o numero.<\/p>\n<h5>Como Monitorar Whatsapp de Alguem<br \/>\n<img loading=\"lazy\" decoding=\"async\" class=\"aligncenter size-full wp-image-58\" src=\"https:\/\/www.danielespiao.com.br\/blog\/wp-content\/uploads\/2022\/02\/como-monitorar-whatsapp-de-alguem.png\" alt=\"Como Monitorar Whatsapp de Alguem\" width=\"800\" height=\"450\" title=\"\" srcset=\"https:\/\/www.danielespiao.com.br\/blog\/wp-content\/uploads\/2022\/02\/como-monitorar-whatsapp-de-alguem.png 800w, https:\/\/www.danielespiao.com.br\/blog\/wp-content\/uploads\/2022\/02\/como-monitorar-whatsapp-de-alguem-300x169.png 300w, https:\/\/www.danielespiao.com.br\/blog\/wp-content\/uploads\/2022\/02\/como-monitorar-whatsapp-de-alguem-768x432.png 768w\" sizes=\"(max-width: 800px) 100vw, 800px\" \/><\/h5>\n<p>como rastrear um celular apenas pelo numero, como instalar programa espi\u00e3o em celular, como rastrear celular desligado, como acessar whatsapp de outro aparelho.<\/p>\n<p>como rastrear um celular pelo email, mais pesquisadas, como rastrear um n\u00famero de celular de outra pessoa, como rastrear smartphone android, como rastrear um smartphone android.<\/p>\n<p>como rastrear um telefone pelo whatsapp, como rastrear um celular pelo numero online, como descobrir as conversas do whatsapp de outra pessoa, como rastrear seu namorado pelo celular.<\/p>\n<p>como funciona o programa espi\u00e3o de celular, como rastrear o whatsapp de uma pessoa, como rastrear celular com o numero, como rastrear telefone android, como rastrear mensagem whatsapp.<\/p>\n","protected":false},"excerpt":{"rendered":"<p>As Palavras Chaves Mais Pesquisadas e um conjunto de palavras que normalmente s\u00e3o pesquisadas atrav\u00e9s dos mais diversos buscadores digitais como Bing, Yahoo ou Google, [&#8230;]<\/p>\n","protected":false},"author":2,"featured_media":56,"parent":0,"menu_order":0,"comment_status":"closed","ping_status":"closed","template":"templates\/modelo_pesquisados.php","meta":{"footnotes":""},"_links":{"self":[{"href":"https:\/\/www.danielespiao.com.br\/blog\/wp-json\/wp\/v2\/pages\/18"}],"collection":[{"href":"https:\/\/www.danielespiao.com.br\/blog\/wp-json\/wp\/v2\/pages"}],"about":[{"href":"https:\/\/www.danielespiao.com.br\/blog\/wp-json\/wp\/v2\/types\/page"}],"author":[{"embeddable":true,"href":"https:\/\/www.danielespiao.com.br\/blog\/wp-json\/wp\/v2\/users\/2"}],"replies":[{"embeddable":true,"href":"https:\/\/www.danielespiao.com.br\/blog\/wp-json\/wp\/v2\/comments?post=18"}],"version-history":[{"count":0,"href":"https:\/\/www.danielespiao.com.br\/blog\/wp-json\/wp\/v2\/pages\/18\/revisions"}],"wp:featuredmedia":[{"embeddable":true,"href":"https:\/\/www.danielespiao.com.br\/blog\/wp-json\/wp\/v2\/media\/56"}],"wp:attachment":[{"href":"https:\/\/www.danielespiao.com.br\/blog\/wp-json\/wp\/v2\/media?parent=18"}],"curies":[{"name":"wp","href":"https:\/\/api.w.org\/{rel}","templated":true}]}}