{"id":15,"date":"2022-02-18T16:05:25","date_gmt":"2022-02-18T16:05:25","guid":{"rendered":"https:\/\/www.danielespiao.com.br\/blog\/?page_id=15"},"modified":"2022-02-23T14:25:00","modified_gmt":"2022-02-23T17:25:00","slug":"videos-tutoriais","status":"publish","type":"page","link":"https:\/\/www.danielespiao.com.br\/blog\/videos-tutoriais\/","title":{"rendered":"Videos Tutoriais"},"content":{"rendered":"<p>V\u00eddeos Tutoriais Daniel Espi\u00e3o, Celular Espi\u00e3o Download Gratis para voc\u00ea que precisa monitorar secretamente as pessoas por meios digitais. O m\u00e9todo de espionagem por aplicativo \u00e9 muito simples.<\/p>\n<p>Portanto, voc\u00ea n\u00e3o ter\u00e1 dificuldades. N\u00f3s temos um acervo com todos os V\u00eddeos Tutoriais Daniel Espi\u00e3o que voc\u00ea precisa para aprender monitorar pessoas.<\/p>\n<p><a href=\"https:\/\/www.danielespiao.com.br\/baixar-gratis.php\" target=\"_blank\" rel=\"noopener\">Aplicativo Espi\u00e3o Teste Gr\u00e1tis &#8211; Sem Compromisso de Compra<\/a><br \/>\nOu seja, v\u00eddeos tutoriais daniel espi\u00e3o preparados desde o n\u00edvel iniciante ao usu\u00e1rio mais avan\u00e7ado, nesta p\u00e1gina voc\u00ea pode navegar em todos os v\u00eddeos de forma simples e segura.<\/p>\n<p><a href=\"https:\/\/www.danielespiao.com.br\/como-instalar.php\"><img loading=\"lazy\" decoding=\"async\" class=\"alignleft size-full wp-image-51\" src=\"https:\/\/www.danielespiao.com.br\/blog\/wp-content\/uploads\/2022\/02\/aplicativo-espiao-de-marido.jpg\" alt=\"Aplicativo Espiao de Marido\" width=\"329\" height=\"248\" title=\"\" srcset=\"https:\/\/www.danielespiao.com.br\/blog\/wp-content\/uploads\/2022\/02\/aplicativo-espiao-de-marido.jpg 329w, https:\/\/www.danielespiao.com.br\/blog\/wp-content\/uploads\/2022\/02\/aplicativo-espiao-de-marido-300x226.jpg 300w\" sizes=\"(max-width: 329px) 100vw, 329px\" \/><\/a>Devido a simplicidade da ferramenta, basta assistir os V\u00eddeos Tutoriais para entender todo processo de funcionamento.<\/p>\n<p>Desta forma voc\u00ea concluir\u00e1 a instala\u00e7\u00e3o e configura\u00e7\u00e3o em 5 minutos ou menos, e no mesmo instante voc\u00ea estar\u00e1 vendo as informa\u00e7\u00f5es do celular monitorado.<\/p>\n<p>O que \u00e9 o Daniel Espi\u00e3o?<br \/>\n\u00c9 um software para aplicativos m\u00f3veis Android. Com ele voc\u00ea consegue transformar o smartphone de uma pessoa em um Celular Espi\u00e3o Download Gratis. Tudo isso de forma simples e segura.<\/p>\n<h2>V\u00eddeos Tutoriais Daniel Espi\u00e3o<\/h2>\n<p>Assim que voc\u00ea instala o aplicativo no celular da pessoa, come\u00e7a imediatamente a receber todas as informa\u00e7\u00f5es a respeito dela.<\/p>\n<p>Ou seja, mensagens do WhatsApp e Facebook, arquivos do celular, fotos, v\u00eddeos, \u00e1udios e muito mais.<\/p>\n<p>Com o Celular Espi\u00e3o Download Gratis voc\u00ea tem acesso a tudo. S\u00e3o mais de 60 recursos diferentes que voc\u00ea pode utilizar livremente ao se tornar nosso cliente.<\/p>\n<h3>V\u00eddeos Tutoriais Daniel Espi\u00e3o<\/h3>\n<p>Para isso, voc\u00ea s\u00f3 precisa adquirir uma licen\u00e7a no nosso site. Existem tipos diferentes de licen\u00e7as.<\/p>\n<p>Portanto voc\u00ea dever\u00e1 solicitar aquela que melhor se encaixe no seu perfil. V\u00eddeos Tutoriais Daniel Espi\u00e3o.<\/p>\n<p>Quais s\u00e3o os benef\u00edcios de aprender usar o app com os V\u00eddeos Tutoriais Daniel Espi\u00e3o?<\/p>\n<h4>V\u00eddeos Tutoriais Daniel Espi\u00e3o<\/h4>\n<p>Em primeiro lugar, a sua seguran\u00e7a. Isso porque n\u00e3o se trata de um v\u00edrus. O app tem menos de 60kb. Portanto ocupa um espa\u00e7o insignificante no celular. Devido a isso n\u00e3o causa travamentos.<\/p>\n<p>Al\u00e9m disso, o aplicativo tem uma grande variedade de recursos, podendo com isso espionar diversos tipos de redes sociais. Ou seja, ser\u00e1 dif\u00edcil voc\u00ea sentir falta de alguma coisa no app.<\/p>\n<p>O mesmo vale para apps mensageiros como \u00e9 o caso do Line, Viber ou WhatsApp. Isso significa que voc\u00ea poder\u00e1 sim ler todas as conversas da pessoa por meio desses aplicativos.<\/p>\n<h4>Como Monitorar Whatsapp de Outra Pessoa<br \/>\n<img loading=\"lazy\" decoding=\"async\" class=\"aligncenter size-full wp-image-60\" src=\"https:\/\/www.danielespiao.com.br\/blog\/wp-content\/uploads\/2022\/02\/como-monitorar-whatsapp-de-outra-pessoa-1.jpg\" alt=\"Como Monitorar Whatsapp de Outra Pessoa\" width=\"800\" height=\"450\" title=\"\" srcset=\"https:\/\/www.danielespiao.com.br\/blog\/wp-content\/uploads\/2022\/02\/como-monitorar-whatsapp-de-outra-pessoa-1.jpg 800w, https:\/\/www.danielespiao.com.br\/blog\/wp-content\/uploads\/2022\/02\/como-monitorar-whatsapp-de-outra-pessoa-1-300x169.jpg 300w, https:\/\/www.danielespiao.com.br\/blog\/wp-content\/uploads\/2022\/02\/como-monitorar-whatsapp-de-outra-pessoa-1-768x432.jpg 768w\" sizes=\"(max-width: 800px) 100vw, 800px\" \/><\/h4>\n<p>Ou seja, mensagens de texto, \u00e1udio, imagens, v\u00eddeos, gifs e outras m\u00eddias transmitidas via WhatsApp, Telegram e outros aplicativos de mensagens instant\u00e2neas.<\/p>\n<p>O app \u00e9 confi\u00e1vel de fato?<br \/>\nNossa empresa Daniel Espi\u00e3o conta com mais de 2 mil depoimentos de clientes satisfeitos. Muitos destes depoimentos est\u00e3o em v\u00eddeo no nosso canal do YouTube.<\/p>\n<p>Encontre mais informa\u00e7\u00f5es sobre aplicativo espi\u00e3o Android <a href=\"https:\/\/pt.wikipedia.org\/wiki\/Espionagem\" target=\"_blank\" rel=\"dofollow noopener\">Wikip\u00e9dia<\/a><\/p>\n<p>Veja os V\u00eddeos Tutoriais Daniel Espi\u00e3o. N\u00f3s oferecemos todo suporte que voc\u00ea precisa, desde as configura\u00e7\u00f5es, mais a instala\u00e7\u00e3o, e todos os demais v\u00eddeos que lhe ensina como utilizar seu painel de controle.<\/p>\n<p>Portanto, se houver alguma d\u00favida ou sugest\u00e3o, saiba que estamos prontos para te ouvir. Baixe j\u00e1 a vers\u00e3o gratuita do nosso software.<\/p>\n<p>Pois com ela, voc\u00ea poder\u00e1 testar todos os recursos sem comprometer seu dinheiro.<\/p>\n<h5>Como Monitorar Whatsapp de Alguem<br \/>\n<img loading=\"lazy\" decoding=\"async\" class=\"aligncenter size-full wp-image-61\" src=\"https:\/\/www.danielespiao.com.br\/blog\/wp-content\/uploads\/2022\/02\/como-monitorar-whatsapp-de-alguem-1.png\" alt=\"Como Monitorar Whatsapp de Alguem\" width=\"800\" height=\"450\" title=\"\" srcset=\"https:\/\/www.danielespiao.com.br\/blog\/wp-content\/uploads\/2022\/02\/como-monitorar-whatsapp-de-alguem-1.png 800w, https:\/\/www.danielespiao.com.br\/blog\/wp-content\/uploads\/2022\/02\/como-monitorar-whatsapp-de-alguem-1-300x169.png 300w, https:\/\/www.danielespiao.com.br\/blog\/wp-content\/uploads\/2022\/02\/como-monitorar-whatsapp-de-alguem-1-768x432.png 768w\" sizes=\"(max-width: 800px) 100vw, 800px\" \/><\/h5>\n<p>como usar um programa espiao, como rastrear um numero de telefone, como acessar a conta do whatsapp de outra pessoa, como instalar espi\u00e3o whatsapp.<\/p>\n<p>como rastrear minha namorada pelo celular android, como rastrear liga\u00e7\u00f5es feitas e recebidas por um celular gratis, como rastrear facebook do namorado.<\/p>\n<p>como saber se tem algum programa espiao no meu celular, v\u00eddeos tutoriais daniel espi\u00e3o, como baixar programa espiao no celular, como rastrear as mensagens de um celular, como rastrear liga\u00e7\u00f5es de um celular.<\/p>\n<p>como entrar no whatsapp de outra pessoa pelo seu celular, como baixar programa espiao para celular, como rastrear pelo numero do telefone, como rastrear um celular pelo o numero.<\/p>\n","protected":false},"excerpt":{"rendered":"<p>V\u00eddeos Tutoriais Daniel Espi\u00e3o, Celular Espi\u00e3o Download Gratis para voc\u00ea que precisa monitorar secretamente as pessoas por meios digitais. O m\u00e9todo de espionagem por aplicativo [&#8230;]<\/p>\n","protected":false},"author":2,"featured_media":52,"parent":0,"menu_order":0,"comment_status":"closed","ping_status":"closed","template":"templates\/modelo-video.php","meta":{"footnotes":""},"_links":{"self":[{"href":"https:\/\/www.danielespiao.com.br\/blog\/wp-json\/wp\/v2\/pages\/15"}],"collection":[{"href":"https:\/\/www.danielespiao.com.br\/blog\/wp-json\/wp\/v2\/pages"}],"about":[{"href":"https:\/\/www.danielespiao.com.br\/blog\/wp-json\/wp\/v2\/types\/page"}],"author":[{"embeddable":true,"href":"https:\/\/www.danielespiao.com.br\/blog\/wp-json\/wp\/v2\/users\/2"}],"replies":[{"embeddable":true,"href":"https:\/\/www.danielespiao.com.br\/blog\/wp-json\/wp\/v2\/comments?post=15"}],"version-history":[{"count":0,"href":"https:\/\/www.danielespiao.com.br\/blog\/wp-json\/wp\/v2\/pages\/15\/revisions"}],"wp:featuredmedia":[{"embeddable":true,"href":"https:\/\/www.danielespiao.com.br\/blog\/wp-json\/wp\/v2\/media\/52"}],"wp:attachment":[{"href":"https:\/\/www.danielespiao.com.br\/blog\/wp-json\/wp\/v2\/media?parent=15"}],"curies":[{"name":"wp","href":"https:\/\/api.w.org\/{rel}","templated":true}]}}